{"id":1310,"date":"2024-02-08T14:09:09","date_gmt":"2024-02-08T12:09:09","guid":{"rendered":"https:\/\/sdztelecom.ro\/?page_id=1310"},"modified":"2024-02-09T10:41:27","modified_gmt":"2024-02-09T08:41:27","slug":"1-fxs-port-1-fxo-port","status":"publish","type":"page","link":"https:\/\/sdztelecom.ro\/?page_id=1310","title":{"rendered":"Modul SO"},"content":{"rendered":"\n<p><strong>1 FXS Port &amp; 1 FXO Port<\/strong><\/p>\n\n\n\n<p>Modul Yeastar SO cu 1FXO+1FXS. Modulul Yeastar SO este compatibil cu seria MyPBX \u0219i PBX din seria S \u0219i are o func\u021bie unic\u0103 de rezerv\u0103 PSTN, care v\u0103 permite s\u0103 efectua\u021bi\/primi\u021bi apeluri chiar \u0219i atunci c\u00e2nd sistemul este oprit.<\/p>\n\n\n\n<p>Un modul cu 1 port FXS \u0219i 1 port FXO. Func\u021bie unic\u0103 de rezerv\u0103 PSTN! Efectua\u021bi\/primi\u021bi apeluri chiar \u0219i \u00een timpul unei \u00eentreruperi de alimentare a sistemului. Poate fi utilizat \u00een MyPBX SOHO, MyPBX Standard, MyPBX Pro, MyPBX E1, MyPBX E1 Plus, MyPBX Enterprise \u0219i cardul TDM800.<\/p>\n\n\n\n<figure class=\"wp-block-image size-full\"><img loading=\"lazy\" decoding=\"async\" width=\"114\" height=\"166\" src=\"https:\/\/sdztelecom.ro\/wp-content\/uploads\/2024\/02\/SO.jpg\" alt=\"\" class=\"wp-image-1351\"\/><\/figure>\n","protected":false},"excerpt":{"rendered":"<p>1 FXS Port &amp; 1 FXO Port Modul Yeastar SO cu 1FXO+1FXS. Modulul Yeastar SO este compatibil cu seria MyPBX \u0219i PBX din seria S \u0219i are o func\u021bie unic\u0103 de rezerv\u0103 PSTN, care v\u0103 permite s\u0103 efectua\u021bi\/primi\u021bi apeluri chiar \u0219i atunci c\u00e2nd sistemul este oprit. Un modul cu 1 port FXS \u0219i 1 port [&hellip;]<\/p>\n","protected":false},"author":1,"featured_media":0,"parent":0,"menu_order":0,"comment_status":"closed","ping_status":"closed","template":"","meta":{"footnotes":""},"class_list":["post-1310","page","type-page","status-publish","hentry"],"_links":{"self":[{"href":"https:\/\/sdztelecom.ro\/index.php?rest_route=\/wp\/v2\/pages\/1310","targetHints":{"allow":["GET"]}}],"collection":[{"href":"https:\/\/sdztelecom.ro\/index.php?rest_route=\/wp\/v2\/pages"}],"about":[{"href":"https:\/\/sdztelecom.ro\/index.php?rest_route=\/wp\/v2\/types\/page"}],"author":[{"embeddable":true,"href":"https:\/\/sdztelecom.ro\/index.php?rest_route=\/wp\/v2\/users\/1"}],"replies":[{"embeddable":true,"href":"https:\/\/sdztelecom.ro\/index.php?rest_route=%2Fwp%2Fv2%2Fcomments&post=1310"}],"version-history":[{"count":0,"href":"https:\/\/sdztelecom.ro\/index.php?rest_route=\/wp\/v2\/pages\/1310\/revisions"}],"wp:attachment":[{"href":"https:\/\/sdztelecom.ro\/index.php?rest_route=%2Fwp%2Fv2%2Fmedia&parent=1310"}],"curies":[{"name":"wp","href":"https:\/\/api.w.org\/{rel}","templated":true}]}}