{"id":136,"date":"2024-01-19T19:48:01","date_gmt":"2024-01-19T19:48:01","guid":{"rendered":"https:\/\/sdztelecom.ro\/?page_id=136"},"modified":"2024-01-22T10:54:53","modified_gmt":"2024-01-22T08:54:53","slug":"sip-t30p","status":"publish","type":"page","link":"https:\/\/sdztelecom.ro\/?page_id=136","title":{"rendered":"SIP-T30P"},"content":{"rendered":"\n<div class=\"wp-block-buttons is-layout-flex wp-block-buttons-is-layout-flex\">\n<div class=\"wp-block-button\"><a class=\"wp-block-button__link wp-element-button\" href=\"https:\/\/sdztelecom.ro\/wp-content\/uploads\/2024\/01\/SIP-T30P.pdf\">Fisa Tehnica<\/a><\/div>\n<\/div>\n\n\n\n<p>Principalele caracteristici telefoanelor IP Yealink T30P: LCD grafic de 2,3\u201d 132&#215;64 pixeli; Afisaj monocrom ; Yealink HD Voice; Switch Ethernet 10\/100M cu doua porturi; Suport pentru codec Opus; Un cont SIP; Conferinta locala in 5 cai; Suport EHS Wireless Headset; Firmware unificat; Suport YDMP\/YMCS; Stand cu 2 unghiuri reglabile;<\/p>\n\n\n\n<figure class=\"wp-block-image size-large\"><img loading=\"lazy\" decoding=\"async\" width=\"1024\" height=\"368\" src=\"https:\/\/sdztelecom.ro\/wp-content\/uploads\/2024\/01\/t30p-1-1024x368.png\" alt=\"\" class=\"wp-image-377\" srcset=\"https:\/\/sdztelecom.ro\/wp-content\/uploads\/2024\/01\/t30p-1-1024x368.png 1024w, https:\/\/sdztelecom.ro\/wp-content\/uploads\/2024\/01\/t30p-1-300x108.png 300w, https:\/\/sdztelecom.ro\/wp-content\/uploads\/2024\/01\/t30p-1-768x276.png 768w, https:\/\/sdztelecom.ro\/wp-content\/uploads\/2024\/01\/t30p-1.png 1409w\" sizes=\"auto, (max-width: 1024px) 100vw, 1024px\" \/><\/figure>\n\n\n\n<p>Caracteristici \u0219i beneficii:<\/p>\n\n\n\n<ul class=\"wp-block-list\">\n<li>Yealink HD Voice<\/li>\n\n\n\n<li>LCD grafic de 2,3\u201d 132&#215;64 pixeli<\/li>\n\n\n\n<li>Switch Ethernet 10\/100M cu dou\u0103 porturi<\/li>\n\n\n\n<li>Suport PoE<\/li>\n\n\n\n<li>Un cont SIP<\/li>\n\n\n\n<li>Conferin\u021b\u0103 local\u0103 \u00een 5 c\u0103i<\/li>\n\n\n\n<li>Suport EHS Wireless Headset<\/li>\n\n\n\n<li>Firmware unificat<\/li>\n\n\n\n<li>Suport YDMP\/YMCS<\/li>\n\n\n\n<li>Stand cu 2 unghiuri reglabile<\/li>\n\n\n\n<li>Se poate monta pe perete<\/li>\n<\/ul>\n\n\n\n<p><\/p>\n","protected":false},"excerpt":{"rendered":"<p>Principalele caracteristici telefoanelor IP Yealink T30P: LCD grafic de 2,3\u201d 132&#215;64 pixeli; Afisaj monocrom ; Yealink HD Voice; Switch Ethernet 10\/100M cu doua porturi; Suport pentru codec Opus; Un cont SIP; Conferinta locala in 5 cai; Suport EHS Wireless Headset; Firmware unificat; Suport YDMP\/YMCS; Stand cu 2 unghiuri reglabile; Caracteristici \u0219i beneficii:<\/p>\n","protected":false},"author":1,"featured_media":0,"parent":0,"menu_order":0,"comment_status":"closed","ping_status":"closed","template":"","meta":{"footnotes":""},"class_list":["post-136","page","type-page","status-publish","hentry"],"_links":{"self":[{"href":"https:\/\/sdztelecom.ro\/index.php?rest_route=\/wp\/v2\/pages\/136","targetHints":{"allow":["GET"]}}],"collection":[{"href":"https:\/\/sdztelecom.ro\/index.php?rest_route=\/wp\/v2\/pages"}],"about":[{"href":"https:\/\/sdztelecom.ro\/index.php?rest_route=\/wp\/v2\/types\/page"}],"author":[{"embeddable":true,"href":"https:\/\/sdztelecom.ro\/index.php?rest_route=\/wp\/v2\/users\/1"}],"replies":[{"embeddable":true,"href":"https:\/\/sdztelecom.ro\/index.php?rest_route=%2Fwp%2Fv2%2Fcomments&post=136"}],"version-history":[{"count":0,"href":"https:\/\/sdztelecom.ro\/index.php?rest_route=\/wp\/v2\/pages\/136\/revisions"}],"wp:attachment":[{"href":"https:\/\/sdztelecom.ro\/index.php?rest_route=%2Fwp%2Fv2%2Fmedia&parent=136"}],"curies":[{"name":"wp","href":"https:\/\/api.w.org\/{rel}","templated":true}]}}