{"id":1603,"date":"2024-02-16T08:42:16","date_gmt":"2024-02-16T06:42:16","guid":{"rendered":"https:\/\/sdztelecom.ro\/?page_id=1603"},"modified":"2024-02-16T09:20:22","modified_gmt":"2024-02-16T07:20:22","slug":"interfon-pancode-de-interior","status":"publish","type":"page","link":"https:\/\/sdztelecom.ro\/?page_id=1603","title":{"rendered":"Interfon Pancode  de interior"},"content":{"rendered":"\n<figure class=\"wp-block-image aligncenter size-full\"><img loading=\"lazy\" decoding=\"async\" width=\"212\" height=\"231\" src=\"https:\/\/sdztelecom.ro\/wp-content\/uploads\/2024\/02\/interfon-pancode-analogic-de-interior-45-1-1.jpg\" alt=\"\" class=\"wp-image-1604\"\/><\/figure>\n\n\n\n<ul class=\"wp-block-list\">\n<li>Pentru utilizare \u00een interiorul cladirii<\/li>\n\n\n\n<li>Interfata: extensie PBX<\/li>\n\n\n\n<li>PoE (IEEE802.3af, Power-over-Ethernet)<\/li>\n\n\n\n<li>Carcasa din material plastic<\/li>\n\n\n\n<li>Tastatura din cauciuc<\/li>\n\n\n\n<li>Leg\u0103tur\u0103 direct\u0103 cu operatorul sau recep\u0163ionerul<\/li>\n\n\n\n<li>Cod de deschidere din interior de la orice extensie<\/li>\n\n\n\n<li>Operare hands-free<\/li>\n\n\n\n<li>Rezistent la praf: IP55<\/li>\n\n\n\n<li>IEC 61000-6-2 &#8211; UE EMC Standard generic de imunitate, care verific\u0103 comportamentul dispozitivul sub interferen\u0163e electromagnetice si descarcare electrica<\/li>\n<\/ul>\n","protected":false},"excerpt":{"rendered":"","protected":false},"author":1,"featured_media":0,"parent":0,"menu_order":0,"comment_status":"closed","ping_status":"closed","template":"","meta":{"footnotes":""},"class_list":["post-1603","page","type-page","status-publish","hentry"],"_links":{"self":[{"href":"https:\/\/sdztelecom.ro\/index.php?rest_route=\/wp\/v2\/pages\/1603","targetHints":{"allow":["GET"]}}],"collection":[{"href":"https:\/\/sdztelecom.ro\/index.php?rest_route=\/wp\/v2\/pages"}],"about":[{"href":"https:\/\/sdztelecom.ro\/index.php?rest_route=\/wp\/v2\/types\/page"}],"author":[{"embeddable":true,"href":"https:\/\/sdztelecom.ro\/index.php?rest_route=\/wp\/v2\/users\/1"}],"replies":[{"embeddable":true,"href":"https:\/\/sdztelecom.ro\/index.php?rest_route=%2Fwp%2Fv2%2Fcomments&post=1603"}],"version-history":[{"count":0,"href":"https:\/\/sdztelecom.ro\/index.php?rest_route=\/wp\/v2\/pages\/1603\/revisions"}],"wp:attachment":[{"href":"https:\/\/sdztelecom.ro\/index.php?rest_route=%2Fwp%2Fv2%2Fmedia&parent=1603"}],"curies":[{"name":"wp","href":"https:\/\/api.w.org\/{rel}","templated":true}]}}