{"id":314,"date":"2024-01-20T15:32:22","date_gmt":"2024-01-20T13:32:22","guid":{"rendered":"https:\/\/sdztelecom.ro\/?page_id=314"},"modified":"2024-01-22T11:26:17","modified_gmt":"2024-01-22T09:26:17","slug":"sip-t42u","status":"publish","type":"page","link":"https:\/\/sdztelecom.ro\/?page_id=314","title":{"rendered":"SIP-T42U"},"content":{"rendered":"\n<div class=\"wp-block-buttons is-layout-flex wp-block-buttons-is-layout-flex\">\n<div class=\"wp-block-button\"><a class=\"wp-block-button__link wp-element-button\" href=\"https:\/\/sdztelecom.ro\/wp-content\/uploads\/2024\/01\/SIP-T42U.pdf\">Fisa Tehnica<\/a><\/div>\n<\/div>\n\n\n\n<p>Telefonul IP SIP-T42U este un telefon profesional, echipat cu un ecran\u00a0LCD alb-negru de 2,7\u2033 cu iluminare din spate\u00a0, cu o rezolu\u021bie de 192\u00d764 pixeli. Design curat atractiv, cu o bar\u0103 metalic\u0103, se potrive\u0219te oric\u0103rui birou modern. Yealink SIP-T42U are\u00a06 conturi SIP\u00a0\u0219i dou\u0103 porturi Ethernet de 1 Gbs cu\u00a0suport PoE\u00a0\u00a0.Ofer\u0103\u00a015 butoane programabile.Telefonul\u00a0are, de asemenea, un afi\u0219aj LED color \u0219i mai multe butoane iluminate (difuzor, c\u0103\u0219ti, microfon dezactivat), accept\u0103 p\u00e2n\u0103 la conferin\u021be de grup cu 3 c\u0103i \u0219i accept\u0103 cu u\u0219urin\u021b\u0103 c\u0103\u0219ti wireless cu suport EEC.<\/p>\n\n\n\n<figure class=\"wp-block-gallery has-nested-images columns-default is-cropped wp-block-gallery-1 is-layout-flex wp-block-gallery-is-layout-flex\">\n<figure class=\"wp-block-image size-large\"><img loading=\"lazy\" decoding=\"async\" width=\"1024\" height=\"447\" data-id=\"577\" src=\"https:\/\/sdztelecom.ro\/wp-content\/uploads\/2024\/01\/T42Uds-1-1024x447.png\" alt=\"\" class=\"wp-image-577\" srcset=\"https:\/\/sdztelecom.ro\/wp-content\/uploads\/2024\/01\/T42Uds-1-1024x447.png 1024w, https:\/\/sdztelecom.ro\/wp-content\/uploads\/2024\/01\/T42Uds-1-300x131.png 300w, https:\/\/sdztelecom.ro\/wp-content\/uploads\/2024\/01\/T42Uds-1-768x336.png 768w, https:\/\/sdztelecom.ro\/wp-content\/uploads\/2024\/01\/T42Uds-1.png 1254w\" sizes=\"auto, (max-width: 1024px) 100vw, 1024px\" \/><\/figure>\n<\/figure>\n\n\n\n<p>Caracteristici Tehnice:<\/p>\n\n\n\n<ul class=\"wp-block-list\">\n<li>LCD grafic de 2,7&#8243; 192&#215;64 pixeli cu lumina de fundal<\/li>\n\n\n\n<li>Dou\u0103 porturi USB<\/li>\n\n\n\n<li>Firmware-ul T4U unificat<\/li>\n\n\n\n<li>12 conturi SIP<\/li>\n\n\n\n<li>Suport PoE<\/li>\n\n\n\n<li>Dual-port Gigabit Ethernet<\/li>\n\n\n\n<li>C\u0103\u0219ti USB \u0219i suport EHS<\/li>\n\n\n\n<li>Wi-Fi prin WF40\/WF50<\/li>\n\n\n\n<li>Bluetooth prin BT40\/BT41\/BT52<\/li>\n\n\n\n<li>Stand cu 2 unghiuri reglabile<\/li>\n\n\n\n<li>Se poate monta pe perete<\/li>\n\n\n\n<li>Receptor cu comutatator de Hold<\/li>\n<\/ul>\n","protected":false},"excerpt":{"rendered":"<p>Telefonul IP SIP-T42U este un telefon profesional, echipat cu un ecran\u00a0LCD alb-negru de 2,7\u2033 cu iluminare din spate\u00a0, cu o rezolu\u021bie de 192\u00d764 pixeli. Design curat atractiv, cu o bar\u0103 metalic\u0103, se potrive\u0219te oric\u0103rui birou modern. Yealink SIP-T42U are\u00a06 conturi SIP\u00a0\u0219i dou\u0103 porturi Ethernet de 1 Gbs cu\u00a0suport PoE\u00a0\u00a0.Ofer\u0103\u00a015 butoane programabile.Telefonul\u00a0are, de asemenea, un afi\u0219aj [&hellip;]<\/p>\n","protected":false},"author":1,"featured_media":0,"parent":0,"menu_order":0,"comment_status":"closed","ping_status":"closed","template":"","meta":{"footnotes":""},"class_list":["post-314","page","type-page","status-publish","hentry"],"_links":{"self":[{"href":"https:\/\/sdztelecom.ro\/index.php?rest_route=\/wp\/v2\/pages\/314","targetHints":{"allow":["GET"]}}],"collection":[{"href":"https:\/\/sdztelecom.ro\/index.php?rest_route=\/wp\/v2\/pages"}],"about":[{"href":"https:\/\/sdztelecom.ro\/index.php?rest_route=\/wp\/v2\/types\/page"}],"author":[{"embeddable":true,"href":"https:\/\/sdztelecom.ro\/index.php?rest_route=\/wp\/v2\/users\/1"}],"replies":[{"embeddable":true,"href":"https:\/\/sdztelecom.ro\/index.php?rest_route=%2Fwp%2Fv2%2Fcomments&post=314"}],"version-history":[{"count":0,"href":"https:\/\/sdztelecom.ro\/index.php?rest_route=\/wp\/v2\/pages\/314\/revisions"}],"wp:attachment":[{"href":"https:\/\/sdztelecom.ro\/index.php?rest_route=%2Fwp%2Fv2%2Fmedia&parent=314"}],"curies":[{"name":"wp","href":"https:\/\/api.w.org\/{rel}","templated":true}]}}