{"id":508,"date":"2024-01-22T08:29:40","date_gmt":"2024-01-22T06:29:40","guid":{"rendered":"https:\/\/sdztelecom.ro\/?page_id=508"},"modified":"2024-01-22T14:16:29","modified_gmt":"2024-01-22T12:16:29","slug":"cp965-2","status":"publish","type":"page","link":"https:\/\/sdztelecom.ro\/?page_id=508","title":{"rendered":"CP965"},"content":{"rendered":"\n<div class=\"wp-block-buttons is-layout-flex wp-block-buttons-is-layout-flex\">\n<div class=\"wp-block-button\"><a class=\"wp-block-button__link wp-element-button\" href=\"https:\/\/sdztelecom.ro\/wp-content\/uploads\/2024\/01\/CP965.pdf\">Fisa Tehnica<\/a><\/div>\n<\/div>\n\n\n\n<p>Yealink CP965 este proiectat pentru s\u0103li de conferin\u021be de dimensiuni medii \u0219i mari. Bazat pe sistemul Android 9.0, este o CP965 adopt\u0103 un design business \u0219i introvertit, care se potrive\u0219te perfect cu stilul calm al s\u0103lii de conferin\u021be, dar \u0219i o \u021bes\u0103tur\u0103 acustic\u0103, care este impermeabil\u0103 la orice scurgeri accidentale de lichid. Este Ecranul LCD cu amprent\u0103 digital\u0103, cu o pagin\u0103 clar\u0103 de interac\u021biune cu interfa\u021ba de utilizare, faciliteaz\u0103 controlul \u00eent\u00e2lnirii pentru toat\u0103 lumea. CP965 are 13 \u00eencorporate microfoane, oferindu-v\u0103 o experien\u021b\u0103 de conferin\u021b\u0103 clar\u0103 \u0219i natural\u0103. \u00cen plus, pute\u021bi conecta \u0219i CP965 la mobil  (cum ar fi  PC, telefonul inteligent etc.) prin Bluetooth sau USB pentru a realiza o varietate de moduri de \u00eent\u00e2lnire hibride UC. CP965 poate fi conectat cu 3 CP-uri \u00een form\u0103 de stea pentru a realiza captarea \u0219i redarea sunetului sincron, oferind utilizatorilor o experien\u021b\u0103 audio optim\u0103. CP965 v\u0103 ofer\u0103 o nou\u0103 solu\u021bie inteligent\u0103 de conferin\u021be vocale, care este asistentul de birou ideal pentru conferin\u021ba dvs.<br><\/p>\n\n\n\n<figure class=\"wp-block-image size-large is-resized\"><img loading=\"lazy\" decoding=\"async\" width=\"1024\" height=\"379\" src=\"https:\/\/sdztelecom.ro\/wp-content\/uploads\/2024\/01\/CP965-1-1024x379.png\" alt=\"\" class=\"wp-image-665\" style=\"width:1169px;height:auto\" srcset=\"https:\/\/sdztelecom.ro\/wp-content\/uploads\/2024\/01\/CP965-1-1024x379.png 1024w, https:\/\/sdztelecom.ro\/wp-content\/uploads\/2024\/01\/CP965-1-300x111.png 300w, https:\/\/sdztelecom.ro\/wp-content\/uploads\/2024\/01\/CP965-1-768x284.png 768w, https:\/\/sdztelecom.ro\/wp-content\/uploads\/2024\/01\/CP965-1.png 1228w\" sizes=\"auto, (max-width: 1024px) 100vw, 1024px\" \/><\/figure>\n\n\n\n<ul class=\"wp-block-list\">\n<li>Red Dot[2021]<\/li>\n\n\n\n<li>Android 9.0<\/li>\n\n\n\n<li>5-inch multi-touch screen with 720&#215;1280 resolution<\/li>\n\n\n\n<li>Optimal HD audio, full duplex technology<\/li>\n\n\n\n<li>Yealink Noise Proof Technology<\/li>\n\n\n\n<li>20-foot (6-meter) and 360-degree voice pickup<\/li>\n\n\n\n<li>Built-in 12-microphone array for voice pickup<\/li>\n\n\n\n<li>Built-in 1-microphone array for noise cancellation<\/li>\n\n\n\n<li>Power over Ethernet<\/li>\n\n\n\n<li>10-way conference call<\/li>\n\n\n\n<li>Hybrid UC meeting<\/li>\n\n\n\n<li>Built-in Wi-Fi (2.4GHz\/5GHz, 802.11a\/b\/g\/n)<\/li>\n<\/ul>\n","protected":false},"excerpt":{"rendered":"<p>Yealink CP965 este proiectat pentru s\u0103li de conferin\u021be de dimensiuni medii \u0219i mari. Bazat pe sistemul Android 9.0, este o CP965 adopt\u0103 un design business \u0219i introvertit, care se potrive\u0219te perfect cu stilul calm al s\u0103lii de conferin\u021be, dar \u0219i o \u021bes\u0103tur\u0103 acustic\u0103, care este impermeabil\u0103 la orice scurgeri accidentale de lichid. Este Ecranul LCD [&hellip;]<\/p>\n","protected":false},"author":1,"featured_media":0,"parent":0,"menu_order":0,"comment_status":"closed","ping_status":"closed","template":"","meta":{"footnotes":""},"class_list":["post-508","page","type-page","status-publish","hentry"],"_links":{"self":[{"href":"https:\/\/sdztelecom.ro\/index.php?rest_route=\/wp\/v2\/pages\/508","targetHints":{"allow":["GET"]}}],"collection":[{"href":"https:\/\/sdztelecom.ro\/index.php?rest_route=\/wp\/v2\/pages"}],"about":[{"href":"https:\/\/sdztelecom.ro\/index.php?rest_route=\/wp\/v2\/types\/page"}],"author":[{"embeddable":true,"href":"https:\/\/sdztelecom.ro\/index.php?rest_route=\/wp\/v2\/users\/1"}],"replies":[{"embeddable":true,"href":"https:\/\/sdztelecom.ro\/index.php?rest_route=%2Fwp%2Fv2%2Fcomments&post=508"}],"version-history":[{"count":0,"href":"https:\/\/sdztelecom.ro\/index.php?rest_route=\/wp\/v2\/pages\/508\/revisions"}],"wp:attachment":[{"href":"https:\/\/sdztelecom.ro\/index.php?rest_route=%2Fwp%2Fv2%2Fmedia&parent=508"}],"curies":[{"name":"wp","href":"https:\/\/api.w.org\/{rel}","templated":true}]}}