{"id":539,"date":"2024-01-22T09:23:08","date_gmt":"2024-01-22T07:23:08","guid":{"rendered":"https:\/\/sdztelecom.ro\/?page_id=539"},"modified":"2024-01-22T14:33:07","modified_gmt":"2024-01-22T12:33:07","slug":"w56h","status":"publish","type":"page","link":"https:\/\/sdztelecom.ro\/?page_id=539","title":{"rendered":"W56H"},"content":{"rendered":"\n<div class=\"wp-block-buttons is-layout-flex wp-block-buttons-is-layout-flex\">\n<div class=\"wp-block-button\"><a class=\"wp-block-button__link wp-element-button\" href=\"https:\/\/sdztelecom.ro\/wp-content\/uploads\/2024\/01\/W56H.pdf\">Fisa Tehnica<\/a><\/div>\n<\/div>\n\n\n\n<p>Yealink W56H este receptorul wireless de ultim\u0103 genera\u021bie conceput pentru utilizare \u00een afaceri<br>durat\u0103 excelent\u0103 a bateriei \u0219i compatibilitate ridicat\u0103.<br>Combin\u00e2nd beneficiile comunica\u021biei f\u0103r\u0103 fir cu caracteristicile de afaceri bogate ale telefoniei Voiceover-IP, ofer\u0103 utilizatorilor confortul comunica\u021biilor f\u0103r\u0103 fir care utilizatorii se pot bucura de conversa\u021bii la o calitate excelent\u0103 a vorbirii, beneficiaz\u0103 de libertatea de mi\u0219care \u0219i de caracteristicile sale profesionale. Design atractiv cu ecran color de 2,4 inchi subliniat<br>prin aspectul s\u0103u modern este ceea ce define\u0219te acest telefon wireless VoIP de ultim\u0103 genera\u021bie.<\/p>\n\n\n\n<figure class=\"wp-block-image size-full is-resized\"><img loading=\"lazy\" decoding=\"async\" width=\"994\" height=\"419\" src=\"https:\/\/sdztelecom.ro\/wp-content\/uploads\/2024\/01\/W56h-1.png\" alt=\"\" class=\"wp-image-672\" style=\"width:1172px;height:auto\" srcset=\"https:\/\/sdztelecom.ro\/wp-content\/uploads\/2024\/01\/W56h-1.png 994w, https:\/\/sdztelecom.ro\/wp-content\/uploads\/2024\/01\/W56h-1-300x126.png 300w, https:\/\/sdztelecom.ro\/wp-content\/uploads\/2024\/01\/W56h-1-768x324.png 768w\" sizes=\"auto, (max-width: 994px) 100vw, 994px\" \/><\/figure>\n\n\n\n<p>. P\u00e2n\u0103 la 2 apeluri simultane pe receptor<br>. Selectare receptor pentru primirea apelului<br>. Selectare receptor \u0219i num\u0103r pentru efectuarea apelului<br>. Interfon automat, r\u0103spuns automat<br>. Apel \u00een a\u0219teptare, Transfer apel<br>. Comutarea \u00eentre apeluri<br>. Conferin\u021b\u0103 cu trei c\u0103i<br>. Apel \u00een a\u0219teptare, Mute, DND<br>. Reapelarea ultimelor 20 de numere introduse<br>. Redirec\u021bionare apel (\u00centotdeauna\/Ocupat\/F\u0103r\u0103 r\u0103spuns)<br>. Apelare rapid\u0103, Mesagerie vocal\u0103, T\u0103cere<br>. 100 de memorie pentru agenda telefonic\u0103 (se pastreaza in baza)<br>. Agenda telefonic\u0103 la distan\u021b\u0103<br>. C\u0103utare \u00een agenda telefonic\u0103, Lista neagr\u0103<br>. Jurnal de apeluri (ie\u0219ite\/ ratate\/acceptate)<br>. Apel IP direct f\u0103r\u0103 proxy SIP<br>. Reseta\u021bi la set\u0103rile din fabric\u0103, reporni\u021bi<br>. Blocare tastatur\u0103, Apel de urgen\u021b\u0103<br>. Apel anonim<br>. Respingerea apelului anonim<\/p>\n","protected":false},"excerpt":{"rendered":"<p>Yealink W56H este receptorul wireless de ultim\u0103 genera\u021bie conceput pentru utilizare \u00een afaceridurat\u0103 excelent\u0103 a bateriei \u0219i compatibilitate ridicat\u0103.Combin\u00e2nd beneficiile comunica\u021biei f\u0103r\u0103 fir cu caracteristicile de afaceri bogate ale telefoniei Voiceover-IP, ofer\u0103 utilizatorilor confortul comunica\u021biilor f\u0103r\u0103 fir care utilizatorii se pot bucura de conversa\u021bii la o calitate excelent\u0103 a vorbirii, beneficiaz\u0103 de libertatea de mi\u0219care [&hellip;]<\/p>\n","protected":false},"author":1,"featured_media":0,"parent":0,"menu_order":0,"comment_status":"closed","ping_status":"closed","template":"","meta":{"footnotes":""},"class_list":["post-539","page","type-page","status-publish","hentry"],"_links":{"self":[{"href":"https:\/\/sdztelecom.ro\/index.php?rest_route=\/wp\/v2\/pages\/539","targetHints":{"allow":["GET"]}}],"collection":[{"href":"https:\/\/sdztelecom.ro\/index.php?rest_route=\/wp\/v2\/pages"}],"about":[{"href":"https:\/\/sdztelecom.ro\/index.php?rest_route=\/wp\/v2\/types\/page"}],"author":[{"embeddable":true,"href":"https:\/\/sdztelecom.ro\/index.php?rest_route=\/wp\/v2\/users\/1"}],"replies":[{"embeddable":true,"href":"https:\/\/sdztelecom.ro\/index.php?rest_route=%2Fwp%2Fv2%2Fcomments&post=539"}],"version-history":[{"count":0,"href":"https:\/\/sdztelecom.ro\/index.php?rest_route=\/wp\/v2\/pages\/539\/revisions"}],"wp:attachment":[{"href":"https:\/\/sdztelecom.ro\/index.php?rest_route=%2Fwp%2Fv2%2Fmedia&parent=539"}],"curies":[{"name":"wp","href":"https:\/\/api.w.org\/{rel}","templated":true}]}}