{"id":713,"date":"2024-01-23T09:10:03","date_gmt":"2024-01-23T07:10:03","guid":{"rendered":"https:\/\/sdztelecom.ro\/?page_id=713"},"modified":"2024-01-29T17:01:00","modified_gmt":"2024-01-29T15:01:00","slug":"exp43-2","status":"publish","type":"page","link":"https:\/\/sdztelecom.ro\/?page_id=713","title":{"rendered":"EXP43"},"content":{"rendered":"\n<div class=\"wp-block-buttons is-layout-flex wp-block-buttons-is-layout-flex\">\n<div class=\"wp-block-button\"><a class=\"wp-block-button__link wp-element-button\" href=\"https:\/\/sdztelecom.ro\/wp-content\/uploads\/2024\/01\/EXP43.pdf\">Fisa Tehnica<\/a><\/div>\n<\/div>\n\n\n\n<p>Modulul de extindere a culorilor Yealink EXP43 pentru telefoanele IP Yealink T43U\/T46U\/T48U este proiectat pentru a extinde capacitatea func\u021bional\u0103 a telefonului dumneavoastr\u0103 SIP la un nivel cu totul nou. Dispune de un ecran LCD color mare de 4,3 inci, oferindu-v\u0103 o experien\u021b\u0103 vizual\u0103 vie. \u00cen plus, v\u0103 ofer\u0103 o interfa\u021b\u0103 de utilizator simpl\u0103 \u0219i capabilit\u0103\u021bi avansate de gestionare a apelurilor. De exemplu, trei pagini de 20 de butoane flexibile afi\u0219ate pe afi\u0219aj pot fi programate p\u00e2n\u0103 la 60 de func\u021bii diferite. Func\u021bionalitatea telefoanelor IP Yealink T43U\/T46U\/T48U va fi extins\u0103 \u0219i de EXP43, pute\u021bi seta tastele de linie multifunc\u021bionale furnizate ca BLF, apelare rapid\u0103, redirec\u021bionare apel, transfer, parcare apel, preluare apel etc. Yealink EXP43 Color Modulul de extindere este o solu\u021bie ideal\u0103 pentru recep\u021bionerii, asisten\u021bii administrativi \u0219i lucr\u0103torii din centrele de contact \u0219i v\u0103 ofer\u0103 posibilitatea de a monitoriza contactele \u0219i de a gestiona cu u\u0219urin\u021b\u0103 un volum mare de apeluri.<\/p>\n\n\n\n<figure class=\"wp-block-image size-large is-resized\"><img loading=\"lazy\" decoding=\"async\" width=\"1024\" height=\"974\" src=\"https:\/\/sdztelecom.ro\/wp-content\/uploads\/2024\/01\/exp43-1-1024x974.jpg\" alt=\"\" class=\"wp-image-1036\" style=\"width:760px;height:auto\" srcset=\"https:\/\/sdztelecom.ro\/wp-content\/uploads\/2024\/01\/exp43-1-1024x974.jpg 1024w, https:\/\/sdztelecom.ro\/wp-content\/uploads\/2024\/01\/exp43-1-300x285.jpg 300w, https:\/\/sdztelecom.ro\/wp-content\/uploads\/2024\/01\/exp43-1-768x730.jpg 768w, https:\/\/sdztelecom.ro\/wp-content\/uploads\/2024\/01\/exp43-1.jpg 1200w\" sizes=\"auto, (max-width: 1024px) 100vw, 1024px\" \/><\/figure>\n\n\n\n<ul class=\"wp-block-list\">\n<li>Ecran color de 4,3&#8243; 272 x 480 pixeli<\/li>\n\n\n\n<li>Pictograme colorate pentru o experien\u021b\u0103 vizual\u0103 bogat\u0103<\/li>\n\n\n\n<li>20 de taste fizice pe fiecare pagin\u0103 cu LED-uri cu dou\u0103 culori<\/li>\n\n\n\n<li>Trei taste de control independente cu LED iluminat pentru schimbarea rapid\u0103 a paginilor<\/li>\n\n\n\n<li>Suport\u0103 p\u00e2n\u0103 la 3 module daisy-chain<\/li>\n\n\n\n<li>Stand cu 2 unghiuri reglabile<\/li>\n<\/ul>\n","protected":false},"excerpt":{"rendered":"<p>Modulul de extindere a culorilor Yealink EXP43 pentru telefoanele IP Yealink T43U\/T46U\/T48U este proiectat pentru a extinde capacitatea func\u021bional\u0103 a telefonului dumneavoastr\u0103 SIP la un nivel cu totul nou. Dispune de un ecran LCD color mare de 4,3 inci, oferindu-v\u0103 o experien\u021b\u0103 vizual\u0103 vie. \u00cen plus, v\u0103 ofer\u0103 o interfa\u021b\u0103 de utilizator simpl\u0103 \u0219i capabilit\u0103\u021bi [&hellip;]<\/p>\n","protected":false},"author":1,"featured_media":0,"parent":0,"menu_order":0,"comment_status":"closed","ping_status":"closed","template":"","meta":{"footnotes":""},"class_list":["post-713","page","type-page","status-publish","hentry"],"_links":{"self":[{"href":"https:\/\/sdztelecom.ro\/index.php?rest_route=\/wp\/v2\/pages\/713","targetHints":{"allow":["GET"]}}],"collection":[{"href":"https:\/\/sdztelecom.ro\/index.php?rest_route=\/wp\/v2\/pages"}],"about":[{"href":"https:\/\/sdztelecom.ro\/index.php?rest_route=\/wp\/v2\/types\/page"}],"author":[{"embeddable":true,"href":"https:\/\/sdztelecom.ro\/index.php?rest_route=\/wp\/v2\/users\/1"}],"replies":[{"embeddable":true,"href":"https:\/\/sdztelecom.ro\/index.php?rest_route=%2Fwp%2Fv2%2Fcomments&post=713"}],"version-history":[{"count":0,"href":"https:\/\/sdztelecom.ro\/index.php?rest_route=\/wp\/v2\/pages\/713\/revisions"}],"wp:attachment":[{"href":"https:\/\/sdztelecom.ro\/index.php?rest_route=%2Fwp%2Fv2%2Fmedia&parent=713"}],"curies":[{"name":"wp","href":"https:\/\/api.w.org\/{rel}","templated":true}]}}