{"id":717,"date":"2024-01-23T09:14:17","date_gmt":"2024-01-23T07:14:17","guid":{"rendered":"https:\/\/sdztelecom.ro\/?page_id=717"},"modified":"2024-01-29T09:47:09","modified_gmt":"2024-01-29T07:47:09","slug":"cp920","status":"publish","type":"page","link":"https:\/\/sdztelecom.ro\/?page_id=717","title":{"rendered":"CP920"},"content":{"rendered":"\n<div class=\"wp-block-buttons is-layout-flex wp-block-buttons-is-layout-flex\">\n<div class=\"wp-block-button\"><a class=\"wp-block-button__link wp-element-button\" href=\"https:\/\/sdztelecom.ro\/wp-content\/uploads\/2024\/01\/cp920-ds.pdf\">Fisa Tehnica<\/a><\/div>\n<\/div>\n\n\n\n<p>Yealink CP920 este o solu\u021bie de conferin\u021be audio esen\u021bial\u0103 pentru orice afacere care organizeaz\u0103 frecvent \u00eent\u00e2lniri  cu colegii sau clien\u021bii afla\u021bi departe de sediu. <\/p>\n\n\n\n<p>Permite p\u00e2n\u0103 la cinci participanti care pot fi pe telefonul fix, pe mobil, PC sau tableta.<\/p>\n\n\n\n<figure class=\"wp-block-image size-full is-resized\"><img loading=\"lazy\" decoding=\"async\" width=\"733\" height=\"309\" src=\"https:\/\/sdztelecom.ro\/wp-content\/uploads\/2024\/01\/CP920-1.png\" alt=\"\" class=\"wp-image-978\" style=\"width:1015px;height:auto\" srcset=\"https:\/\/sdztelecom.ro\/wp-content\/uploads\/2024\/01\/CP920-1.png 733w, https:\/\/sdztelecom.ro\/wp-content\/uploads\/2024\/01\/CP920-1-300x126.png 300w\" sizes=\"auto, (max-width: 733px) 100vw, 733px\" \/><\/figure>\n\n\n\n<ul class=\"wp-block-list\">\n<li>Sunet HD optim, tehnologie full duplex<\/li>\n\n\n\n<li>Tehnologia Yealink Noise Proof<\/li>\n\n\n\n<li>Captur\u0103 vocal\u0103 de la 6 metr \u0219i 360 de grade<\/li>\n\n\n\n<li>Matrice de 3 microfoane \u00eencorporat\u0103<\/li>\n\n\n\n<li>Tastatur\u0103 tactil\u0103 sensibil\u0103<\/li>\n\n\n\n<li>LCD grafic de 3,1\u201d 248&#215;120 pixeli cu iluminare de fundal<\/li>\n\n\n\n<li>Alimentare prin Ethernet<\/li>\n\n\n\n<li>Apel conferin\u021b\u0103 \u00een 5 c\u0103i<\/li>\n\n\n\n<li>\u00cent\u00e2lnire hibrid\u0103 UC<\/li>\n\n\n\n<li>Wi-Fi \u00eencorporat (2,4 GHz, 802.11.b\/g\/n)<\/li>\n\n\n\n<li>Bluetooth 4.0 \u00eencorporat<\/li>\n\n\n\n<li>\u00cenregistrare local\u0103 a apelurilor USB<\/li>\n\n\n\n<li>Conferin\u021b\u0103 PSTN local\u0103 cu trei c\u0103i prin Yealink CPN10<\/li>\n<\/ul>\n","protected":false},"excerpt":{"rendered":"<p>Yealink CP920 este o solu\u021bie de conferin\u021be audio esen\u021bial\u0103 pentru orice afacere care organizeaz\u0103 frecvent \u00eent\u00e2lniri cu colegii sau clien\u021bii afla\u021bi departe de sediu. Permite p\u00e2n\u0103 la cinci participanti care pot fi pe telefonul fix, pe mobil, PC sau tableta.<\/p>\n","protected":false},"author":1,"featured_media":0,"parent":0,"menu_order":0,"comment_status":"closed","ping_status":"closed","template":"","meta":{"footnotes":""},"class_list":["post-717","page","type-page","status-publish","hentry"],"_links":{"self":[{"href":"https:\/\/sdztelecom.ro\/index.php?rest_route=\/wp\/v2\/pages\/717","targetHints":{"allow":["GET"]}}],"collection":[{"href":"https:\/\/sdztelecom.ro\/index.php?rest_route=\/wp\/v2\/pages"}],"about":[{"href":"https:\/\/sdztelecom.ro\/index.php?rest_route=\/wp\/v2\/types\/page"}],"author":[{"embeddable":true,"href":"https:\/\/sdztelecom.ro\/index.php?rest_route=\/wp\/v2\/users\/1"}],"replies":[{"embeddable":true,"href":"https:\/\/sdztelecom.ro\/index.php?rest_route=%2Fwp%2Fv2%2Fcomments&post=717"}],"version-history":[{"count":0,"href":"https:\/\/sdztelecom.ro\/index.php?rest_route=\/wp\/v2\/pages\/717\/revisions"}],"wp:attachment":[{"href":"https:\/\/sdztelecom.ro\/index.php?rest_route=%2Fwp%2Fv2%2Fmedia&parent=717"}],"curies":[{"name":"wp","href":"https:\/\/api.w.org\/{rel}","templated":true}]}}