{"id":744,"date":"2024-01-23T09:29:34","date_gmt":"2024-01-23T07:29:34","guid":{"rendered":"https:\/\/sdztelecom.ro\/?page_id=744"},"modified":"2024-02-01T14:38:50","modified_gmt":"2024-02-01T12:38:50","slug":"ylpoe30","status":"publish","type":"page","link":"https:\/\/sdztelecom.ro\/?page_id=744","title":{"rendered":"YLPOE30"},"content":{"rendered":"\n<div class=\"wp-block-buttons is-layout-flex wp-block-buttons-is-layout-flex\">\n<div class=\"wp-block-button\"><a class=\"wp-block-button__link wp-element-button\" href=\"https:\/\/sdztelecom.ro\/wp-content\/uploads\/2024\/02\/YLPOE30.pdf\">Fisa Tehnica<\/a><\/div>\n<\/div>\n\n\n\n<p>Yealink YLPOE30, o surs\u0103 de alimentare pentru telefonul de conferin\u021b\u0103 IP Yealink CP960\u0219i alte telefoane IP Yealink PoE, este conceput pentru a oferi ambeleconexiune de date \u0219i energie electric\u0103 cu un singur cablu Ethernet, d\u00e2ndtu un desktop curat \u0219i ordonat. Este standardizat de IEEE802.3af \u0219iIEEE802.3at \u0219i este plug-and-play f\u0103r\u0103 nicio implementare suplimentar\u0103.<\/p>\n\n\n\n<figure class=\"wp-block-image size-full is-resized\"><img loading=\"lazy\" decoding=\"async\" width=\"442\" height=\"249\" src=\"https:\/\/sdztelecom.ro\/wp-content\/uploads\/2024\/02\/YLPOE30.png\" alt=\"\" class=\"wp-image-1190\" style=\"width:334px;height:auto\" srcset=\"https:\/\/sdztelecom.ro\/wp-content\/uploads\/2024\/02\/YLPOE30.png 442w, https:\/\/sdztelecom.ro\/wp-content\/uploads\/2024\/02\/YLPOE30-300x169.png 300w\" sizes=\"auto, (max-width: 442px) 100vw, 442px\" \/><\/figure>\n\n\n\n<p>Detalii Tehnice:<\/p>\n\n\n\n<blockquote class=\"wp-block-quote is-layout-flow wp-block-quote-is-layout-flow\">\n<p>Interfa\u021b\u0103: porturi PoE 10\/100\/1000M<br>Indicatoare LED: PWR, PoE<br>Intrare: 100~240V AC 50\/60Hz 1.0A<br>Ie\u0219ire: 54V 0.56A<br>Defini\u021bie PIN: 1\/2(+), 3\/6(-)<br>Temperatura de func\u021bionare: 0\u00b0C~40\u00b0C (32\u00b0F~104\u00b0F)<br>Temperatura de depozitare: -40\u00b0C~70\u00b0C (-40\u00b0F~158\u00b0F)<br>Umiditate de func\u021bionare: 10%~90%, f\u0103r\u0103 condensare<br>Umiditate de depozitare: 5%~90%, f\u0103r\u0103 condensare<\/p>\n<\/blockquote>\n","protected":false},"excerpt":{"rendered":"<p>Yealink YLPOE30, o surs\u0103 de alimentare pentru telefonul de conferin\u021b\u0103 IP Yealink CP960\u0219i alte telefoane IP Yealink PoE, este conceput pentru a oferi ambeleconexiune de date \u0219i energie electric\u0103 cu un singur cablu Ethernet, d\u00e2ndtu un desktop curat \u0219i ordonat. Este standardizat de IEEE802.3af \u0219iIEEE802.3at \u0219i este plug-and-play f\u0103r\u0103 nicio implementare suplimentar\u0103. Detalii Tehnice: Interfa\u021b\u0103: [&hellip;]<\/p>\n","protected":false},"author":1,"featured_media":0,"parent":0,"menu_order":0,"comment_status":"closed","ping_status":"closed","template":"","meta":{"footnotes":""},"class_list":["post-744","page","type-page","status-publish","hentry"],"_links":{"self":[{"href":"https:\/\/sdztelecom.ro\/index.php?rest_route=\/wp\/v2\/pages\/744","targetHints":{"allow":["GET"]}}],"collection":[{"href":"https:\/\/sdztelecom.ro\/index.php?rest_route=\/wp\/v2\/pages"}],"about":[{"href":"https:\/\/sdztelecom.ro\/index.php?rest_route=\/wp\/v2\/types\/page"}],"author":[{"embeddable":true,"href":"https:\/\/sdztelecom.ro\/index.php?rest_route=\/wp\/v2\/users\/1"}],"replies":[{"embeddable":true,"href":"https:\/\/sdztelecom.ro\/index.php?rest_route=%2Fwp%2Fv2%2Fcomments&post=744"}],"version-history":[{"count":0,"href":"https:\/\/sdztelecom.ro\/index.php?rest_route=\/wp\/v2\/pages\/744\/revisions"}],"wp:attachment":[{"href":"https:\/\/sdztelecom.ro\/index.php?rest_route=%2Fwp%2Fv2%2Fmedia&parent=744"}],"curies":[{"name":"wp","href":"https:\/\/api.w.org\/{rel}","templated":true}]}}