{"id":754,"date":"2024-01-23T09:31:40","date_gmt":"2024-01-23T07:31:40","guid":{"rendered":"https:\/\/sdztelecom.ro\/?page_id=754"},"modified":"2024-02-02T11:01:23","modified_gmt":"2024-02-02T09:01:23","slug":"wf50","status":"publish","type":"page","link":"https:\/\/sdztelecom.ro\/?page_id=754","title":{"rendered":"WF50"},"content":{"rendered":"\n<div class=\"wp-block-buttons is-layout-flex wp-block-buttons-is-layout-flex\">\n<div class=\"wp-block-button\"><a class=\"wp-block-button__link wp-element-button\" href=\"https:\/\/sdztelecom.ro\/wp-content\/uploads\/2024\/02\/WF50.pdf\">Fisa Tehnica<\/a><\/div>\n<\/div>\n\n\n\n<p>Yealink WF50 este un dongle USB Wi-Fi de ultim\u0103 genera\u021bie, conceput pentru a permite utilizatorilor s\u0103 selecteze<br>dac\u0103 s\u0103 v\u0103 conecta\u021bi la o re\u021bea Wi-Fi de 2,4 GHz (150 Mbps) sau la o re\u021bea Wi-Fi de 5 GHz (p\u00e2n\u0103 la 433 Mbps)<br>re\u0163ea. Cu conexiunile wireless care tranziteaz\u0103 pe banda de 5 GHz, utilizatorii nu mai trebuie<br>v\u0103 face\u021bi griji cu privire la interferen\u021ba de la dispozitivele wireless din apropiere care le pot interfera<br>semnal wireless, garant\u00e2nd conexiuni de \u00eenalt\u0103 calitate perfecte pentru stabilirea apelurilor \u0219i HD<br>streaming video.<\/p>\n\n\n\n<figure class=\"wp-block-image size-full is-resized\"><img loading=\"lazy\" decoding=\"async\" width=\"698\" height=\"400\" src=\"https:\/\/sdztelecom.ro\/wp-content\/uploads\/2024\/02\/WF50.jpg\" alt=\"\" class=\"wp-image-1230\" style=\"width:441px;height:auto\" srcset=\"https:\/\/sdztelecom.ro\/wp-content\/uploads\/2024\/02\/WF50.jpg 698w, https:\/\/sdztelecom.ro\/wp-content\/uploads\/2024\/02\/WF50-300x172.jpg 300w, https:\/\/sdztelecom.ro\/wp-content\/uploads\/2024\/02\/WF50-600x344.jpg 600w\" sizes=\"auto, (max-width: 698px) 100vw, 698px\" \/><\/figure>\n\n\n\n<p>Detalii Tehnice:<\/p>\n\n\n\n<p>> WF50: compatibil cu Yealink SIP-T27G\/T41S\/T42S\/T46S\/T48S\/ Telefon IP T42U\/T43U\/T46U\/T48U\/T52S\/T54S\/T53 (versiunea 84 sau mai recent\u0103)<\/p>\n\n\n\n<p>&gt; WF50 (V1): compatibil cu Yealink SIP-T42U\/T43U\/T46U\/T48U (108.86.0.70 sau mai recent), Yealink SIP-T53 (96.86.0.70 sau mai recent)<\/p>\n\n\n\n<p>&gt; Rat\u0103 de transmisie ridicat\u0103<\/p>\n\n\n\n<p>&gt; F\u0103r\u0103 interferen\u021be<\/p>\n\n\n\n<p>&gt; Conexiune de \u00eencredere<\/p>\n\n\n\n<p>&gt; U\u0219or de utilizat<\/p>\n\n\n\n<p>&gt; Plug and Play<\/p>\n","protected":false},"excerpt":{"rendered":"<p>Yealink WF50 este un dongle USB Wi-Fi de ultim\u0103 genera\u021bie, conceput pentru a permite utilizatorilor s\u0103 selectezedac\u0103 s\u0103 v\u0103 conecta\u021bi la o re\u021bea Wi-Fi de 2,4 GHz (150 Mbps) sau la o re\u021bea Wi-Fi de 5 GHz (p\u00e2n\u0103 la 433 Mbps)re\u0163ea. Cu conexiunile wireless care tranziteaz\u0103 pe banda de 5 GHz, utilizatorii nu mai trebuiev\u0103 [&hellip;]<\/p>\n","protected":false},"author":1,"featured_media":0,"parent":0,"menu_order":0,"comment_status":"closed","ping_status":"closed","template":"","meta":{"footnotes":""},"class_list":["post-754","page","type-page","status-publish","hentry"],"_links":{"self":[{"href":"https:\/\/sdztelecom.ro\/index.php?rest_route=\/wp\/v2\/pages\/754","targetHints":{"allow":["GET"]}}],"collection":[{"href":"https:\/\/sdztelecom.ro\/index.php?rest_route=\/wp\/v2\/pages"}],"about":[{"href":"https:\/\/sdztelecom.ro\/index.php?rest_route=\/wp\/v2\/types\/page"}],"author":[{"embeddable":true,"href":"https:\/\/sdztelecom.ro\/index.php?rest_route=\/wp\/v2\/users\/1"}],"replies":[{"embeddable":true,"href":"https:\/\/sdztelecom.ro\/index.php?rest_route=%2Fwp%2Fv2%2Fcomments&post=754"}],"version-history":[{"count":0,"href":"https:\/\/sdztelecom.ro\/index.php?rest_route=\/wp\/v2\/pages\/754\/revisions"}],"wp:attachment":[{"href":"https:\/\/sdztelecom.ro\/index.php?rest_route=%2Fwp%2Fv2%2Fmedia&parent=754"}],"curies":[{"name":"wp","href":"https:\/\/api.w.org\/{rel}","templated":true}]}}