{"id":756,"date":"2024-01-23T09:31:54","date_gmt":"2024-01-23T07:31:54","guid":{"rendered":"https:\/\/sdztelecom.ro\/?page_id=756"},"modified":"2024-02-02T11:05:19","modified_gmt":"2024-02-02T09:05:19","slug":"cam50-2","status":"publish","type":"page","link":"https:\/\/sdztelecom.ro\/?page_id=756","title":{"rendered":"CAM50"},"content":{"rendered":"\n<div class=\"wp-block-buttons is-layout-flex wp-block-buttons-is-layout-flex\">\n<div class=\"wp-block-button\"><a class=\"wp-block-button__link wp-element-button\" href=\"https:\/\/sdztelecom.ro\/wp-content\/uploads\/2024\/02\/CAM50.pdf\">Fisa Tehnica<\/a><\/div>\n<\/div>\n\n\n\n<p>Fiind un supliment u\u0219or, Yealink IP Phone Camera CAM50 este o camer\u0103 video HD de \u00eenalt\u0103 calitate<br>care v\u0103 ajut\u0103 Yealink SIP-T58A\/SIP-T58A cu telefoane IP cu camer\u0103 s\u0103 se transforme \u00eentr-un adev\u0103rat desktop<br>solu\u021bie de videoconferin\u021b\u0103 \u00een c\u00e2teva secunde.<\/p>\n\n\n\n<figure class=\"wp-block-image size-full is-resized\"><img loading=\"lazy\" decoding=\"async\" width=\"500\" height=\"500\" src=\"https:\/\/sdztelecom.ro\/wp-content\/uploads\/2024\/02\/CAM50.jpg\" alt=\"\" class=\"wp-image-1232\" style=\"width:455px;height:auto\" srcset=\"https:\/\/sdztelecom.ro\/wp-content\/uploads\/2024\/02\/CAM50.jpg 500w, https:\/\/sdztelecom.ro\/wp-content\/uploads\/2024\/02\/CAM50-300x300.jpg 300w, https:\/\/sdztelecom.ro\/wp-content\/uploads\/2024\/02\/CAM50-150x150.jpg 150w, https:\/\/sdztelecom.ro\/wp-content\/uploads\/2024\/02\/CAM50-100x100.jpg 100w\" sizes=\"auto, (max-width: 500px) 100vw, 500px\" \/><\/figure>\n\n\n\n<p>Detalii Tehnice:<\/p>\n\n\n\n<blockquote class=\"wp-block-quote is-layout-flow wp-block-quote-is-layout-flow\">\n<p>Compatibil cu telefoanele IP Yealink SIP-T58<br>Camer\u0103 HD de 2 megapixeli 720p@30fps<br>U\u0219urin\u021b\u0103 \u00een utilizare<br>Plug and Play<br>Ajustabil cu obturator de intimitate<\/p>\n<\/blockquote>\n","protected":false},"excerpt":{"rendered":"<p>Fiind un supliment u\u0219or, Yealink IP Phone Camera CAM50 este o camer\u0103 video HD de \u00eenalt\u0103 calitatecare v\u0103 ajut\u0103 Yealink SIP-T58A\/SIP-T58A cu telefoane IP cu camer\u0103 s\u0103 se transforme \u00eentr-un adev\u0103rat desktopsolu\u021bie de videoconferin\u021b\u0103 \u00een c\u00e2teva secunde. Detalii Tehnice: Compatibil cu telefoanele IP Yealink SIP-T58Camer\u0103 HD de 2 megapixeli 720p@30fpsU\u0219urin\u021b\u0103 \u00een utilizarePlug and PlayAjustabil cu [&hellip;]<\/p>\n","protected":false},"author":1,"featured_media":0,"parent":0,"menu_order":0,"comment_status":"closed","ping_status":"closed","template":"","meta":{"footnotes":""},"class_list":["post-756","page","type-page","status-publish","hentry"],"_links":{"self":[{"href":"https:\/\/sdztelecom.ro\/index.php?rest_route=\/wp\/v2\/pages\/756","targetHints":{"allow":["GET"]}}],"collection":[{"href":"https:\/\/sdztelecom.ro\/index.php?rest_route=\/wp\/v2\/pages"}],"about":[{"href":"https:\/\/sdztelecom.ro\/index.php?rest_route=\/wp\/v2\/types\/page"}],"author":[{"embeddable":true,"href":"https:\/\/sdztelecom.ro\/index.php?rest_route=\/wp\/v2\/users\/1"}],"replies":[{"embeddable":true,"href":"https:\/\/sdztelecom.ro\/index.php?rest_route=%2Fwp%2Fv2%2Fcomments&post=756"}],"version-history":[{"count":0,"href":"https:\/\/sdztelecom.ro\/index.php?rest_route=\/wp\/v2\/pages\/756\/revisions"}],"wp:attachment":[{"href":"https:\/\/sdztelecom.ro\/index.php?rest_route=%2Fwp%2Fv2%2Fmedia&parent=756"}],"curies":[{"name":"wp","href":"https:\/\/api.w.org\/{rel}","templated":true}]}}