{"id":80,"date":"2024-01-19T18:44:11","date_gmt":"2024-01-19T18:44:11","guid":{"rendered":"https:\/\/sdztelecom.ro\/?page_id=80"},"modified":"2024-01-30T16:36:50","modified_gmt":"2024-01-30T14:36:50","slug":"s50","status":"publish","type":"page","link":"https:\/\/sdztelecom.ro\/?page_id=80","title":{"rendered":"S50"},"content":{"rendered":"\n<p>Suport\u0103 p\u00e2n\u0103 la 50 de utilizatori, Yeastar S50 \u0219i S50i montabile \u00een rack sunt dou\u0103 versiuni de PBX care se laud\u0103 cu aceea\u0219i gam\u0103 de caracteristici, dar cu suport hardware diferit. Acestea vin cu func\u021bii complete de gestionare a apelurilor, capacitate avansat\u0103 de comunica\u021bii unificate \u0219i API-uri \u00eencorporate bogate pentru a permite comunica\u021biile micilor \u00eentreprinderi f\u0103r\u0103 compromisuri.<\/p>\n\n\n\n<figure class=\"wp-block-image size-full is-resized\"><img loading=\"lazy\" decoding=\"async\" width=\"935\" height=\"320\" src=\"https:\/\/sdztelecom.ro\/wp-content\/uploads\/2024\/01\/s50-voip-pbx-1.png\" alt=\"\" class=\"wp-image-1065\" style=\"width:771px;height:auto\" srcset=\"https:\/\/sdztelecom.ro\/wp-content\/uploads\/2024\/01\/s50-voip-pbx-1.png 935w, https:\/\/sdztelecom.ro\/wp-content\/uploads\/2024\/01\/s50-voip-pbx-1-300x103.png 300w, https:\/\/sdztelecom.ro\/wp-content\/uploads\/2024\/01\/s50-voip-pbx-1-768x263.png 768w\" sizes=\"auto, (max-width: 935px) 100vw, 935px\" \/><\/figure>\n\n\n\n<ul class=\"wp-block-list\">\n<li>50 Utilizatori<\/li>\n\n\n\n<li>25 Apeluri concurente<\/li>\n\n\n\n<li>8 Porturi FXS<\/li>\n\n\n\n<li>8 Porturi FXO\/BRI<\/li>\n\n\n\n<li>4 Porturi GSM<\/li>\n\n\n\n<li>50 SIP Trunk<\/li>\n<\/ul>\n","protected":false},"excerpt":{"rendered":"<p>Suport\u0103 p\u00e2n\u0103 la 50 de utilizatori, Yeastar S50 \u0219i S50i montabile \u00een rack sunt dou\u0103 versiuni de PBX care se laud\u0103 cu aceea\u0219i gam\u0103 de caracteristici, dar cu suport hardware diferit. Acestea vin cu func\u021bii complete de gestionare a apelurilor, capacitate avansat\u0103 de comunica\u021bii unificate \u0219i API-uri \u00eencorporate bogate pentru a permite comunica\u021biile micilor \u00eentreprinderi [&hellip;]<\/p>\n","protected":false},"author":1,"featured_media":0,"parent":0,"menu_order":0,"comment_status":"closed","ping_status":"closed","template":"","meta":{"footnotes":""},"class_list":["post-80","page","type-page","status-publish","hentry"],"_links":{"self":[{"href":"https:\/\/sdztelecom.ro\/index.php?rest_route=\/wp\/v2\/pages\/80","targetHints":{"allow":["GET"]}}],"collection":[{"href":"https:\/\/sdztelecom.ro\/index.php?rest_route=\/wp\/v2\/pages"}],"about":[{"href":"https:\/\/sdztelecom.ro\/index.php?rest_route=\/wp\/v2\/types\/page"}],"author":[{"embeddable":true,"href":"https:\/\/sdztelecom.ro\/index.php?rest_route=\/wp\/v2\/users\/1"}],"replies":[{"embeddable":true,"href":"https:\/\/sdztelecom.ro\/index.php?rest_route=%2Fwp%2Fv2%2Fcomments&post=80"}],"version-history":[{"count":0,"href":"https:\/\/sdztelecom.ro\/index.php?rest_route=\/wp\/v2\/pages\/80\/revisions"}],"wp:attachment":[{"href":"https:\/\/sdztelecom.ro\/index.php?rest_route=%2Fwp%2Fv2%2Fmedia&parent=80"}],"curies":[{"name":"wp","href":"https:\/\/api.w.org\/{rel}","templated":true}]}}